{"id":61,"date":"2022-06-16T09:23:41","date_gmt":"2022-06-16T09:23:41","guid":{"rendered":"https:\/\/depocen.org\/?page_id=61"},"modified":"2024-05-14T06:44:05","modified_gmt":"2024-05-14T06:44:05","slug":"gioi-thieu","status":"publish","type":"page","link":"https:\/\/depocen.org\/vi\/gioi-thieu\/","title":{"rendered":"Gi\u1edbi thi\u1ec7u"},"content":{"rendered":"<p>B\u00e0 Ph\u01b0\u01a1ng Mai nh\u1eadn b\u1eb1ng Th\u1ea1c s\u0129 X\u00e3 h\u1ed9i, Khoa h\u1ecdc v\u00e0 C\u00f4ng ngh\u1ec7 t\u1ea1i tr\u01b0\u1eddng \u0110\u1ea1i h\u1ecdc Maastricht (H\u00e0 Lan) v\u00e0 \u0110\u1ea1i h\u1ecdc Linkoping (Thu\u1ef5 \u0110i\u1ec3n) n\u0103m 2003. Chuy\u00ean m\u00f4n c\u1ee7a b\u00e0 bao g\u1ed3m ph\u00e1t tri\u1ec3n l\u1eadp ph\u00e1p, ch\u00ednh s\u00e1ch khoa h\u1ecdc, c\u00f4ng ngh\u1ec7 v\u00e0 \u0111\u1ed5i m\u1edbi, theo d\u00f5i v\u00e0 \u0111\u00e1nh gi\u00e1 t\u00e1c \u0111\u1ed9ng c\u00e1c d\u1ef1 \u00e1n v\u1ec1 d\u1ecbch v\u1ee5 c\u00f4ng, y t\u1ebf c\u1ed9ng \u0111\u1ed3ng, gi\u00e1o d\u1ee5c, b\u00ecnh \u0111\u1eb3ng gi\u1edbi, ph\u00e1t tri\u1ec3n n\u00f4ng nghi\u1ec7p v\u00e0 n\u00f4ng th\u00f4n.<\/p>\n","protected":false},"excerpt":{"rendered":"<p>B\u00e0 Ph\u01b0\u01a1ng Mai nh\u1eadn b\u1eb1ng Th\u1ea1c s\u0129 X\u00e3 h\u1ed9i, Khoa h\u1ecdc v\u00e0 C\u00f4ng ngh\u1ec7 t\u1ea1i tr\u01b0\u1eddng \u0110\u1ea1i h\u1ecdc Maastricht (H\u00e0 Lan) v\u00e0 \u0110\u1ea1i h\u1ecdc Linkoping (Thu\u1ef5 \u0110i\u1ec3n) n\u0103m 2003. Chuy\u00ean m\u00f4n c\u1ee7a b\u00e0 bao g\u1ed3m ph\u00e1t tri\u1ec3n l\u1eadp ph\u00e1p, ch\u00ednh s\u00e1ch khoa h\u1ecdc, c\u00f4ng ngh\u1ec7 v\u00e0 \u0111\u1ed5i m\u1edbi, theo d\u00f5i v\u00e0 \u0111\u00e1nh gi\u00e1 t\u00e1c \u0111\u1ed9ng [&hellip;]<\/p>\n","protected":false},"author":1,"featured_media":0,"parent":0,"menu_order":0,"comment_status":"closed","ping_status":"closed","template":"templates\/about.php","meta":{"footnotes":""},"class_list":["post-61","page","type-page","status-publish","hentry"],"acf":[],"_links":{"self":[{"href":"https:\/\/depocen.org\/vi\/wp-json\/wp\/v2\/pages\/61","targetHints":{"allow":["GET"]}}],"collection":[{"href":"https:\/\/depocen.org\/vi\/wp-json\/wp\/v2\/pages"}],"about":[{"href":"https:\/\/depocen.org\/vi\/wp-json\/wp\/v2\/types\/page"}],"author":[{"embeddable":true,"href":"https:\/\/depocen.org\/vi\/wp-json\/wp\/v2\/users\/1"}],"replies":[{"embeddable":true,"href":"https:\/\/depocen.org\/vi\/wp-json\/wp\/v2\/comments?post=61"}],"version-history":[{"count":44,"href":"https:\/\/depocen.org\/vi\/wp-json\/wp\/v2\/pages\/61\/revisions"}],"predecessor-version":[{"id":11847,"href":"https:\/\/depocen.org\/vi\/wp-json\/wp\/v2\/pages\/61\/revisions\/11847"}],"wp:attachment":[{"href":"https:\/\/depocen.org\/vi\/wp-json\/wp\/v2\/media?parent=61"}],"curies":[{"name":"wp","href":"https:\/\/api.w.org\/{rel}","templated":true}]}}